{"id":13,"date":"2011-05-21T19:49:26","date_gmt":"2011-05-21T18:49:26","guid":{"rendered":"http:\/\/studiolab.ide.tudelft.nl\/studiolab\/labmark-template-staff\/?page_id=13"},"modified":"2016-05-23T07:55:10","modified_gmt":"2016-05-23T06:55:10","slug":"publications","status":"publish","type":"page","link":"https:\/\/studiolab.ide.tudelft.nl\/studiolab\/vermeeren\/publications\/","title":{"rendered":"Publications"},"content":{"rendered":"<h1>My publications<\/h1>\n<p>An up-to-date list of publications can be found on Google Scholar (ordered <a href=\"http:\/\/scholar.google.nl\/citations?sortby=pubdate&amp;hl=nl&amp;user=g7A_hHEAAAAJ&amp;view_op=list_works\" target=\"_blank\">by year of publication<\/a>, or ordered <a href=\"http:\/\/scholar.google.nl\/citations?hl=nl&amp;user=g7A_hHEAAAAJ&amp;view_op=list_works\" target=\"_blank\">by number of citations<\/a>)<\/p>\n<p>Current list in\u00a0<a href=\"http:\/\/metis.tudelft.nl:7777\/pls\/metis_lookup\/pk_apa_n.results?p_url_id=5403&amp;p_onderzoekernummer=1014030\" target=\"_blank\">METIS<\/a><\/p>\n<h2 class=\"head\">2016<\/h2>\n<p>Vermeeren A.P.O.S., Calvi L., Sabiescu \u00a0A., Trocchianesi R., Stuedahl D., Giaccardi E. (2016) <a href=\"http:\/\/dl.acm.org\/citation.cfm?id=2856482&amp;CFID=789190983&amp;CFTOKEN=63663122\" target=\"_blank\"><strong>Involving the Crowd in Future Museum Experience Design<\/strong><\/a>, CHI&#8217;16 Extended Abstracts (workshop), May 07-12, 2016, San Jose, CA, USA ACM 978-1-4503-4082-3\/16\/05. pp. 3347-3354. http:\/\/dx.doi.org\/10.1145\/2851581.2856482<\/p>\n<p>Vermeeren A.P.O.S., Shih H.C., Yoon J.K. (2016) <strong>Design for Experiences beyond the Museum: Classical Paintings as an Introduction to Modern Culture<\/strong>. Position paper for the CHI 2016 workshop Involving the Crowd in Future Museum Experience Design, May 7th, 2016, San Jos\u00e9, CA, USA. <a href=\"https:\/\/museumsandcrowds.files.wordpress.com\/2016\/02\/design-for-experiences-beyond-the-museum_vermeeren1.pdf\">https:\/\/museumsandcrowds.files.wordpress.com\/2016\/02\/design-for-experiences-beyond-the-museum_vermeeren1.pdf<\/a><\/p>\n<p>Kostoska G., Vermeeren A.P.O.S., Kort J., Gullstrom C. (2016) <strong>Virtual Visit to the Louvre: Exploring Video Mediated Participation for Older Adults<\/strong>.\u00a0Position paper for the CSCW\u00a02016 workshop Where did my office go? Is it in the Cloud!?, February 27th, 2016, San Francisco, CA, USA.\u00a0<a href=\"http:\/\/cscw2016.usage.nl\/wp-content\/uploads\/2015\/11\/CSCW-Workshop-COMPEIT-Older-Adults.pdf\">http:\/\/cscw2016.usage.nl\/wp-content\/uploads\/2015\/11\/CSCW-Workshop-COMPEIT-Older-Adults.pdf<\/a><\/p>\n<p>Shih H.C., Yoon J.K.,\u00a0Vermeeren A.P.O.S. (accepted) <strong>Positive emotions for inciting behavior &#8211;\u00a0playing with paintings to enhance museum experiences<\/strong>. In Proceedings of Design &amp; Emotions 2016,\u00a0September 27-30, 2016, Amsterdam, NL<\/p>\n<p>Kostoska G., Vermeeren A.P.O.S., Kort J., Gullstrom C. (accepted) <strong>Video-Mediated Participation in\u00a0Virtual Museum Tours for\u00a0Older Adults<\/strong>.\u00a0In Proceedings of Design &amp; Emotions 2016,\u00a0September 27-30, 2016, Amsterdam, NL<\/p>\n<p>Vermeeren A.P.O.S., Roto V., V\u00e4\u00e4n\u00e4nen-Vainio-Mattila K. (2015). <strong><a href=\"http:\/\/www.tandfonline.com\/doi\/full\/10.1080\/0144929X.2015.1081292\" target=\"_blank\">Design-inclusive UX research: design as a part of doing user experience research<\/a>.<\/strong> In <em>Behaviour &amp; Information Technology, Vol 35., Issue 1, pp. 21-37.\u00a0<\/em>DOI:10.1080\/0144929X.2015.1081292<em>\u00a0<\/em><\/p>\n<h2 class=\"head\">2015<\/h2>\n<p>Ibragimova E., Vermeeren A., Vink P., Mueller N., Verboom L. (2015). <a href=\"http:\/\/link.springer.com\/chapter\/10.1007\/978-3-319-20895-4_64#page-1\" target=\"_blank\">The Smart Steering Wheel Cover Design: A Case-Study of Industrial Academic Collaboration in Human-Computer Interaction. <\/a>F.F.-H. Nah, C.-H. Tan (Eds.) <em>HCI in Business 2015<\/em>, LNCS9191, p.688-698, Springer International Publishing Switzerland.<\/p>\n<p>Calvi L., Vermeeren A.P.O.S. (2015)\u00a0<a href=\"https:\/\/culturalheritagecommunities.files.wordpress.com\/2015\/06\/ct-workshop-calvi-vermeeren-final.pdf\" target=\"_blank\">DIY Platform for Innovative Small Museum Experiences.<\/a>\u00a0Workshop <em>Cultural Heritage Communities: Technologies &amp; Challenges<\/em> at Conference <em>Communities &amp; Technologies 2015<\/em>, June 28, 2015, Limerick, Ireland.<\/p>\n<p>Ibragimova E., Vermeeren A., Mueller N., Vink P. (2015)\u00a0<a href=\"http:\/\/studiolab.ide.tudelft.nl\/studiolab\/vermeeren\/files\/2015\/04\/p169-ibragimova.pdf\" target=\"_blank\">The Smart Steering Wheel Cover: Motivating Safe and Efficient Driving.\u00a0<\/a>Abstract of <a href=\"http:\/\/dl.acm.org\/citation.cfm?id=2732487&amp;picked=formats\" target=\"_blank\">video showcase<\/a> in\u00a0<em>CHI&#8217;15 Extended Abstracts<\/em>, Apr 18-23, 2015, Seoul, Republic of Korea, New York: ACM, p. 169<\/p>\n<p>Vegt N. , Visch V., de Ridder H., Vermeeren, A. P.O.S. (2015) <a href=\"http:\/\/link.springer.com\/chapter\/10.1007\/978-3-319-10208-5_26\" target=\"_blank\">Designing Gamification to Guide Competitive and Cooperative Behavior in Teamwork<\/a>. In T. Reiners &amp; L.C. Wood: <em>Gamification in Education and Business<\/em> (Chapter 6). Springer<\/p>\n<h2 class=\"head\">2014<\/h2>\n<p>Li J., Vermeeren A.P.O.S., de Ridder H. (2014) Designerly Ways of Exploring Crowds. <a href=\"http:\/\/www.ijcci.net\/index.php?task=home&amp;lang=en\" target=\"_blank\"><em>International Journal of Cultural and Creative Industries<\/em><\/a>, vol. 2, nr. 1. \u00a0pp. 4-17,\u00a0ISSN: 2311-9527.<\/p>\n<p>Li, J. Cai, R., de Ridder, H., Vermeeren, A.P.O.S., van Egmond, R. \u00a0(2014). <a href=\"http:\/\/dl.acm.org\/citation.cfm?id=2639223\" target=\"_blank\">A Study on Relation between Crowd Emotional Feelings and Action Tendencies.<\/a> In \u00a0<i>NordiCHI \u201914 Proceedings of the 8th Nordic Conference on Human-Computer Interaction: Fun, Fast and Foundational\u00a0<\/i>(pp. 775-784). New York: ACM.<\/p>\n<p>Vermeeren, APOS, Beusekom, J van, Rozendaal, MC &amp; Giaccardi, E (2014). <a href=\"http:\/\/dx.doi.org\/10.1145\/2598510.2598548\" target=\"_blank\">Design for complex persuasive experiences: Helping parents of hospitalized children take care of themselves.<\/a> In R Wakkary &amp; S Harrison (Eds.), <i>DIS 2014, Proceedings of the 2014 conference on designing interactive systems<\/i> (pp. 335-344). New York: ACM.<\/p>\n<p>Rijnbout, P, Valk, L de, Vermeeren, APOS, Bekker, T, Graaf, extern de, Schouten, B &amp; Eggen, B (2013). <a href=\"http:\/\/dx.doi.org\/10.1007\/978-3-319-03892-6_13\" target=\"_blank\">About experience and emergence: A framework for decentralized interactive play environments.<\/a> In M Mancas, N d&#8217;Allessandro, X Siebert, B Gosselin, C Valderrama &amp; T Dutoit (Eds.), <i>Intelligent technologies for interactive entertainment: Proceedings of the 5th international ICST conference, INTETAIN 2013 Vol. 124. Lecture Notes of the Institute for Computer Sciences, Social-Informatics and Telecommunications Engineering (Lnicst)<\/i> (pp. 104-113). s.l.: Springer International Publishing.<\/p>\n<p>Erkin, Z, Li, J, Vermeeren, APOS &amp; Ridder, H de (2014). <a href=\"http:\/\/dx.doi.org\/10.1007\/978-3-319-09912-5_30\" target=\"_blank\">Privacy-preserving emotion detection for crowd management.<\/a> In D Slezak, G Schaefer, ST Vuong &amp; YS Kim (Eds.), <i>Active media technology: Proceedings of the 10th international conference Vol. 8610. Lecture Notes in Computer Science<\/i>(pp. 359-370). s.l.: Springer International Publishing.<\/p>\n<h2>2013<\/h2>\n<p>Law, ELC, Hvannberg, ET, Vermeeren, APOS, Cockton, G &amp; Jokela, T (2013). <a href=\"http:\/\/dx.doi.org\/10.1145\/2468356.2479655\" target=\"_blank\">Made for sharing: HCI stories of transfer, triumph and tragedy.<\/a> In WE Mackay (Ed.), <i>CHI EA &#8217;13 Extended abstracts on human factors in computing systems<\/i> (pp. 3235-3238). New York: ACM.<\/p>\n<p>Li, J, Erkin, Z, Ridder, H de &amp; Vermeeren, APOS (2013). <a href=\"http:\/\/resolver.tudelft.nl\/uuid:089a2ea0-e77e-4da8-bffc-b2e404cee139\" target=\"_blank\">A field study on real-time self-reported emotions in crowds.<\/a> In A Smeulders &amp; D Stroobandt et al (Eds.), <i>Proceedings ICI.OPEN 2013<\/i> (pp. 80-84). Utrecht, The Netherlands: STW &#8211; IPN.<\/p>\n<p>Li, J, Ridder, H de, Vermeeren, APOS, Conrado, C &amp; Martella, C (2013). <a href=\"http:\/\/resolver.tudelft.nl\/uuid:ada7aea0-701e-40fc-a585-5640a30d2749\" target=\"_blank\">Designing for crowd well-being: Current designs, strategies and future design suggestions.<\/a> In s.n. (Ed.), <i>Proceedings of 5th IASDR conference: Consilience and innovation in design<\/i> (pp. 2278-2289). s.l.: s.n..<\/p>\n<p>Li, J, Ridder, H de, Vermeeren, APOS, Conrado, C &amp; Martella, C (2013). <a href=\"http:\/\/resolver.tudelft.nl\/uuid:8fae0d69-aa2a-4dc9-ac87-8aec81be5d69\" target=\"_blank\">Designing for crowd well-being: Needs and design suggestions.<\/a> In s.n. (Ed.), <i>Proceedings of the 7th international conference on planning and design<\/i> (pp. 373-382). s.l.: s.n..<\/p>\n<p>Vermeeren, APOS &amp; Cockton, G (2013). <a href=\"http:\/\/www2.le.ac.uk\/departments\/computer-science\/people\/elaw\/HCI-3T\" target=\"_blank\">Facilitating the take-up of new HCI practices: A &#8216;diffusion of innovations&#8217;.<\/a> In s.n. (Ed.), <i>Proceedings of: Workshop W20: Made for Sharing: HCI Stories of Transfer, Triumph and<\/i> (pp. 1-6). s.l.: CHI.<\/p>\n<p>Rozendaal, MC &amp; Vermeeren, APOS (2013). <i><a href=\"http:\/\/resolver.tudelft.nl\/uuid:57bc2251-46d8-4c66-b5fa-c4314fdacfee\" target=\"_blank\">Kun je jouw beleving meten in woord, beeld en getal?<\/a><\/i> s.l.: Science Live.<\/p>\n<h2>2012<\/h2>\n<p>Law, EL-C, Abrah\u00e3o, S, Vermeeren, APOS &amp; Hvannberg, ET (2012). <a href=\"http:\/\/resolver.tudelft.nl\/uuid:1779e3b4-59e7-477b-9129-815123028a6e\" target=\"_blank\">Interplay between user experience evaluation and software development: State of the art.<\/a> In EL-C Law, S Abrah\u00e3o, APOS Vermeeren &amp; ET Hvannberg (Eds.), <i>Proceedings of the international workshop on the Interplay between user experience (UX) evaluation and system development (I-UxSED 2012)<\/i> (pp. 1-3). Leicester: Audio Visual Services (AVS), University of Leicester, UK.<\/p>\n<p>Obrist, M, Roto, V, Vermeeren, APOS, Vaananen-Vainio-Mattila, K, Law, EL-C &amp; Kuutti, K (2012). <a href=\"http:\/\/dx.doi.org\/10.1145\/2212776.2223739\" target=\"_blank\">In search of theorectical foundations for ux research and practice.<\/a> In JA Konstan (Ed.), <i>Proceedings of the CHI EA &#8217;12 Extended abstracts on human factors in computing systems<\/i> (pp. 1979-1984). New York: ACM.<\/p>\n<p>Obrist, M, Roto, V, Law, EL-C, Vaananen-Vainio-Mattila, K, Vermeeren, APOS &amp; Buie, E (2012). <a href=\"http:\/\/dx.doi.org\/10.1145\/2212776.2212712\" target=\"_blank\">Theories behind ux research and how they are used in practice.<\/a> In JA Konstan (Ed.), <i>Proceedins of the CHI EA &#8217;12 Extended abstracts on human factors in computing systems<\/i> (pp. 2751-2754). New York: ACM.<\/p>\n<p>Roto, V, Vermeeren, APOS, Vaananen-Vainio-Mattila, K &amp; Law, E (2011). User experience evaluation: Wich method to choose? In P Campos, N Nunes, N Graham, J Jorge &amp; P Palanque (Eds.), <i>Human-computer-interaction- interact 2011 part IV Vol. 6949. Lecture Notes in Computer Science<\/i> (pp. 714-715). Berlin: Springer-Verlag.<\/p>\n<p>Rozendaal, MC, Helm, AJC van der, Aprile, WA, Vermeeren, APOS, Bekker, MM, Kanis, M &amp; Middendorf, W (2012). Designing persuasive interactive environments. In F Paterno, B de Ruyter, P Markopoulos, C Santoro, E van Loenen &amp; K Luyten (Eds.), <i>Ambient intelligence: Proceedings of the third international joint conference AML 2012 Vol. 7683. Lecture Notes in Computer Science<\/i> (pp. 455-456). Berlin: Springer-Verlag Berlin Heidelberg.<\/p>\n<p>Law, EL-C, Abrah\u00e3o, S, Vermeeren, APOS &amp; Hvannberg, ET (Eds.). (2012). <i><a href=\"http:\/\/www.irit.fr\/recherches\/ICS\/projects\/twintide\/upload\/539.pdf\" target=\"_blank\">Proceedings of the international workshop on the interplay between user experience (UX) evaluation and system development (I-UxSED 2012).<\/a><\/i> Leicester: Audio Visual Services (AVS), University of Leicester, UK.<\/p>\n<p>Roto, V, Vermeeren, APOS, Vaananen-Vainio-Mattila, K, Law, E &amp; Obrist, M (2012, May 8). <i><a href=\"http:\/\/chi2012.acm.org\/program\/desktop\/courses.html#cr128\" target=\"_blank\">User experience evaluation methods: Which method to choose?<\/a><\/i> Austin, CHI 2012: The annual conference on human factors in computing systems, Austin, USA.<\/p>\n<p>Vermeeren, APOS (2012, April 22). <i>Psychometrics++: Observation, measurement, analysis of experiences.<\/i> Groesbeek, The Netherlands, 4th NIRICT-SIKS International spring school on human-technology interaction.<\/p>\n<p>Law, EL-C, Abrah\u00e3o, S, Vermeeren, APOS &amp; Hvannberg, ET (2012). <a href=\"http:\/\/www.irit.fr\/recherches\/ICS\/projects\/twintide\/upload\/539.pdf\" target=\"_blank\">Proceedings of the international workshop on the interplay between user experience (UX) evaluation and system development (I-UxSED 2012).<\/a> I-UxSED 2012 Workshop, Copenhagen, Denmark: Leicester (2012, October 15 &#8211; 2012, October 15).<\/p>\n<h2>2011<\/h2>\n<p>Sluis-Thiescheffer, W, Bekker, MM, Eggen, JH, Vermeeren, APOS &amp; Ridder, H de (2011). <a href=\"http:\/\/dx.doi.org\/doi:10.1016\/j.intcom.2010.10.002\" target=\"_blank\">Development and application of a framework for comparing early design methods for young children.<\/a> <i>Interacting with Computers, 23<\/i>(1), 70-84.<\/p>\n<p>Obrist, M, Law, EL-C, V\u00e4\u00e4n\u00e4nen-Vainio-Mattila, K, Roto, V, Vermeeren, APOS &amp; Kuutti, K (2011). UX research: what theoretical roots do we build on &#8211; if any? In s.n. (Ed.), <i>CHI&#8217;11 Proceedings of the 2011 annual conference extended abstarcts on Human Factors in Computing Systems<\/i> (pp. 165-168). New York: ACM.<\/p>\n<p>Rozendaal, MC, Vermeeren, APOS, Bekker, MM &amp; Ridder, H de (2011). <a href=\"http:\/\/studiolab.ide.tudelft.nl\/studiolab\/vermeeren\/files\/2015\/06\/a-research-framework-for-playful-persuasion-based-on-psychological-needs-and-bodily-interaction_rozendaal20112.pdf\" target=\"_blank\">A research framework for playful persuasion based psychological needs and bodily interaction. <\/a>In AA Salah &amp; B Lepri (Eds.), <i>Human behaviour unterstanding &#8211; Second international workshop, HBU 2011 proceedings Vol. 7065. Lecture Notes in Computer Science<\/i> (pp. 116-123). Heidelberg: Springer.<\/p>\n<p>Roto, V, Law, EL-C, Vermeeren, APOS &amp; Hoonhout, J (2011). <i><a href=\"http:\/\/drops.dagstuhl.de\/opus\/volltexte\/2011\/2949\/pdf\/10373_AbstractsCollection.2949.pdf\" target=\"_blank\">User experience white paper: Bringing clarity to the concept of user experience.<\/a><\/i> s.l.: s.n..<\/p>\n<h2>2010<\/h2>\n<p>Kort, J, Vermeeren, APOS &amp; Ridder, H de (2010). Understanding social experiences through social space and embodied interaction. In F Schmid, T Hesselmann, S Boll, K Cheverst &amp; L Kulik (Eds.), <i>Proceedings SISSI 2010, first workshop on Social Interaction in Spatially Seperated Environments<\/i> (pp. 31-39). s.n.: s.n..<\/p>\n<p>Vermeeren, APOS, Law, EL-C, Roto, V, Obrist, M, Hoonhout, J &amp; V\u00e4\u00e4n\u00e4nen-Vainio-Mattila, K (2010). User experience evaluation methods: current state and development needs. In A Blandford, J Gulliksen, ET Hvannberg, MK L\u00e1rusd\u00f3ttir, EL-C Law &amp; HH Vilhj\u00e1lmsson (Eds.), <i>NordiCHI &#8217;10 Proceedings of the 6th Nordic Conference on Human-Computer Interaction: Extending Boundaries<\/i> (pp. 521-530). New York: ACM.<\/p>\n<h2>2009<\/h2>\n<p>Vermeeren, APOS (2009, March 30). <i><a href=\"http:\/\/repository.tudelft.nl\/view\/ir\/uuid:1df938d4-6514-4c95-af6c-d169d7cc7309\/\" target=\"_blank\">What&#8217;s the problem? Studies on identifying usability problems in user tests.<\/a><\/i> TUD Technische Universiteit Delft (178 pag.) (S.l.: S.n.). Prom.\/coprom.: Prof.dr. H de Ridder &amp; Dr. AJ van Doorn.<\/p>\n<p>Hosea, SI &amp; Vermeeren, APOS (2009). Experiences in designing for and with mentally impaired users: the design of a device to structure time and activities. In B Sapio, L Haddon, E Mante-Meijer, L Fortunaki, T Turk &amp; E Loos (Eds.), <i>The good, the bad and the challenging &#8211; The user and the future of information and communication technologies: Conference Proceedings<\/i> (pp. 816-824). Koper: ABS-Center.<\/p>\n<p>Law, EL-C, Roto, V, Vermeeren, APOS, Kort, J &amp; Hassenzahl, M (2009). Understanding, scoping and defining user experience: a survey approach. In S.n. (Ed.), <i>Proceedings of CHI 2009, the 27th Annual CHI Conference on Human Factors in Computing Systems<\/i> (pp. 719-728). New York: ACM.<\/p>\n<p>Roto, V, V\u00e4\u00e4n\u00e4nen-Vainio-Mattila, K, Law, EL-C &amp; Vermeeren, APOS (2009). User experience evaluation methods in product development (UXEM&#8217;09). In T Gross, J Gulliksen, P Kotz\u00e9, L Oestreicher, P Palanque, R Oliveira Prates &amp; M Winckler (Eds.), <i>Human-Computer interaction &#8211; Interact 2009 Vol. 5727. Lecture Notes in Computer Science<\/i> (pp. 981-982). Berlin: Springer.<\/p>\n<h2>2008<\/h2>\n<p>Vermeeren, APOS, Attema, J, Akar, E, Ridder, H de, Doorn, AJ van, Erbug, \u00c7, Berkman, AE &amp; Maguire, M (2008). Usability problem reports for comparative studies: consistency and inspectability. <i>Human &#8211; Computer Interaction (Mahwah): a journal of theoretical, empirical, and methodological issues of user psychology and of system design, 23<\/i>(4), 329-380.<\/p>\n<p>Fokker, JE, Vermeeren, APOS &amp; Ridder, H de (2007). Remote user experience testing of peer-to-peer television systems: a pilot study of Tribler. In A Lugmayr &amp; P Golebiowski (Eds.), <i>Interactive TV: A Shared Experience TICSP Adjunct Proceedings of EuroITV 2007<\/i> (pp. 196-200). Tampere: TICSP.<\/p>\n<p>Law, EL-C, Roto, V, Vermeeren, APOS, Kort, J &amp; Hassenzahl, M (2008). Towards a shared definition of user experience. In S.n. (Ed.), <i>CHI 2008: art science balance proceedings and extended abstracts of the 26th annual CHI conference on human factors in computing systems<\/i> (pp. 2395-2398). New York: ACM.<\/p>\n<p>Mulder, I, Hofte, H ter, Kort, J &amp; Vermeeren, APOS (2007). In-situ 2007: using mobile devices and emergent technology for in-situ evaluation. In S.n. (Ed.), <i>Proceedings of MobileHCI 2007<\/i> (pp. 1-2). New York: ACM.<\/p>\n<p>Thang, B, Sluis-Thiescheffer, W, Bekker, MM, Eggen, B, Vermeeren, APOS &amp; Ridder, H de (2008). Comparing the creativity of children&#8217;s design solutions based on expert assessment. In s.n. (Ed.), <i>Proceedings of the 7th international conference on interaction design and children; IDC 2008<\/i> (pp. 266-273). New York: ACM.<\/p>\n<p>Vermeeren, APOS, Kort, J, Cremers, AHM &amp; Fokker, JE (2008). Comparing UX measurements, a case study. In ELC Law, N Bevan, G Christou, M Springett &amp; M L\u00e1rusd\u00f3ttir (Eds.), <i>Proceedings of the COST294-workshop on meaningful measures: valid useful user experience measurement, VUUM2008<\/i> (pp. 72-78). Toulouse: Institute of Research in Informatics of Toulouse (IRIT).<\/p>\n<h2>2007<\/h2>\n<p>Blythe, M, Hassenzahl, M &amp; Vermeeren, APOS (2007). An analysis framework for user experience (UX) studies: a green paper. In E Law, A Vermeeren, M Hassenzahl &amp; M Blythe (Eds.), <i>Towards a UX manifesto. COST294-MAUSE affiliated workshop<\/i> (pp. 1-5). Lancaster: COST.<\/p>\n<p>Cremers, A, Smets, N, Vermeeren, APOS &amp; Kort, J (2007). Measuring user experience: what&#8217;s new? In O Kubbe, S Idzerda &amp; W Sluis-Thiescheffer (Eds.), <i>Proceedings HCI Methods: way to go?<\/i> (pp. 31-33). Amsterdam: Chi Nederland.<\/p>\n<p>Kort, J, Vermeeren, APOS &amp; Fokker, JE (2007). Conceptualization and measuring UX. In E Law, A Vermeeren, M Hassenzahl &amp; M Blythe (Eds.), <i>Towards a UX manifesto. COST294-MAUSE affiliated workshop<\/i> (pp. 57-64). Lancaster: COST.<\/p>\n<p>Law, EL-C, Vermeeren, APOS, Hassenzahl, M &amp; Blythe, M (2007). Towards a UX manifesto. In D Ramduny-Ellis &amp; D Rachovides (Eds.), <i>People and Computers XXI HCI&#8230;but not as we know it. Vol 2. Proceedings of the 21st Britisch HCI Group Annual Conference<\/i> (pp. 139-146). Swindon: BCS.<\/p>\n<p>Vermeeren, APOS, Bekker, MM, Kesteren, IEH van &amp; Ridder, H de (2007). Experiences with structured interviewing of children during usability tests. In LJ Ball, A Sasse, C Sas, TC Ormerod, A Dix, P Bagnall &amp; T McEwan (Eds.), <i>People and Computers XXI HCI&#8230;but not as we know it. Vol 1 Proceedings of the 21st Britisch HCI Group Annual Conference<\/i> (pp. 139-146). Swindon: BCS.<\/p>\n<h2>2006<\/h2>\n<p>Vermeeren, APOS, Koenderink-van Doorn, AJ &amp; Ridder, H de (2006). Reliability of a checklist-based user test data analysis. In RN Pikaar, EAP Koningsveld &amp; PJM Settels (Eds.), <i>Proceedings IEA2006 Congress Applied Ergonomics: human factors in technology and society<\/i> (pp. 1-6). Amsterdam: Elsevier.<\/p>\n<p>Vermeeren, APOS, Koenderink-van Doorn, AJ &amp; Ridder, H de (2006). What, how and why making user test data explicit. In RN Pikaar, EAP Koningsveld &amp; PJM Settels (Eds.), <i>Proceedings IEA2006 Congress Applied Ergonomics: human factors in technology and society<\/i> (pp. 1-6). Amsterdam: Elsevier.<\/p>\n<h2>2005<\/h2>\n<p>Brederode, B, Markopoulos, P, Gielen, MA, Vermeeren, APOS &amp; Ridder, H de (2005). pOwerball: the design of a novel mixed-reality game for children with mixed abilities. In s.n. (Ed.), <i>IDC 2005: 4th international conference for interaction design and children<\/i> (pp. 1-8). New York: ACM.<\/p>\n<p>Cremers, AHM, Hilhorst, B &amp; Vermeeren, APOS (2005). &#8220;What was discussed by whom, how, when and where?&#8221; personalized browsing of annotated multimedia meeting recordings. In s.n. (Ed.), <i>HCI international 2005: 11th international conference on human computer interaction<\/i> (pp. 1-10). S.l.: Lawrence Erlbaum Associates.<\/p>\n<p>Erbug, \u00c7, Attema, J, Vermeeren, APOS, Maguire, M, Berkman, AE, Akar, E &amp; McDonagh, D (2005). Usability testing: a collaborative approach. In onbekend (Ed.), <i>HCI international 2005: 11th international conference on human computer interaction<\/i> (pp. 1-7). S.l.: Lawrence Erlbaum Associates.<\/p>\n<p>Vermeeren, APOS (2004). Experiences with conducting contract research for a large banking company, a case study. In C Erbug (Ed.), <i>Usability testing: methods , experiences, achievements<\/i> (pp. 161-172). Ankara: METU Faculty of Architecture Press.<\/p>\n<p>Vermeeren, APOS &amp; Soleymani, F (2004). Integrating user research activities in th design process, a case study: the Virtual Integration Counter. In C Erbug (Ed.), <i>Usability testing: methods , experiences, achievements<\/i> (pp. 99-108). Ankara: METU Faculty of Architecture Press.<\/p>\n<p>Vermeeren, APOS (2004). Structured video analysis of user test data, using the DEVAN tool. In C Erbug (Ed.), <i>Usability testing: methods , experiences, achievements<\/i> (pp. 123-140). Ankara: METU Faculty of Architecture Press.<\/p>\n<p>Vermeeren, APOS (2004). The evaluator effect in user testing. In C Erbug (Ed.), <i>Usability testing: methods , experiences, achievements<\/i> (pp. 189-199). Ankara: METU Faculty of Architecture Press.<\/p>\n<h2>2004<\/h2>\n<p>Dekoven, EAM, Vermeeren, APOS &amp; Zeng, X (2004). Designing collaborative interfaces for programmable aplliances: a SenSay case study. In s.n. (Ed.), <i>IEEE SMC&#8217;2004 international conference on systems, man and cybernetics. Theme: impacts of emerging cybernetics and human-machine systems<\/i> (pp. 7-12). Piscataway: IEEE.<\/p>\n<h2>2003<\/h2>\n<p>Kesteren, IEH van, Bekker, MM, Vermeeren, APOS &amp; Lloyd, PA (2003). Assessing usability evaluation methods on their effectiveness to elicit verbal comments from children subjects. In S MacFarlane, T Nicol, JC Read &amp; LC Snape (Eds.), <i>Small users &#8211; big ideas<\/i> (pp. 41-49). New York: Association for Computing Machinery.<\/p>\n<p>Vermeeren, APOS, Kesteren, IEH van &amp; Bekker, MM (2003). Managing the evaluator effect in user testing. In M Rauterberg, M Menozzi &amp; J Wesson (Eds.), <i>Human-computer interaction INTERACT &#8217;03<\/i> (pp. 647-654). Amsterdam: IOS Press.<\/p>\n<h2>2002<\/h2>\n<p>Vermeeren, APOS, Bouwmeester, K den, Aasman, J &amp; Ridder, H de (2002). DEVAN: a tool for detailed video analysis of user test data. <i>Behaviour and Information Technology: an international journal on the human aspects of computing, 21<\/i>(6), 403-423.<\/p>\n<p>Hoenderdos, R, Vermeeren, APOS, Bekker, M &amp; Pierik, A (2002). Design for experience: the &#8220;look, mama!&#8221; experience. In MM Dekker, P Markopoulos &amp; M Kersten-Tsikalkina (Eds.), <i>Interaction design and children<\/i> (pp. 4-10). Maastricht: Shaker Publishing.<\/p>\n","protected":false},"excerpt":{"rendered":"<p>My publications An up-to-date list of publications can be found on Google Scholar (ordered by year of publication, or ordered &hellip; <a href=\"https:\/\/studiolab.ide.tudelft.nl\/studiolab\/vermeeren\/publications\/\" \" class=\"more\">Read more<\/a><\/p>\n","protected":false},"author":77,"featured_media":64,"parent":0,"menu_order":3,"comment_status":"closed","ping_status":"closed","template":"","meta":{"footnotes":""},"class_list":["post-13","page","type-page","status-publish","has-post-thumbnail","hentry"],"_links":{"self":[{"href":"https:\/\/studiolab.ide.tudelft.nl\/studiolab\/vermeeren\/wp-json\/wp\/v2\/pages\/13","targetHints":{"allow":["GET"]}}],"collection":[{"href":"https:\/\/studiolab.ide.tudelft.nl\/studiolab\/vermeeren\/wp-json\/wp\/v2\/pages"}],"about":[{"href":"https:\/\/studiolab.ide.tudelft.nl\/studiolab\/vermeeren\/wp-json\/wp\/v2\/types\/page"}],"author":[{"embeddable":true,"href":"https:\/\/studiolab.ide.tudelft.nl\/studiolab\/vermeeren\/wp-json\/wp\/v2\/users\/77"}],"replies":[{"embeddable":true,"href":"https:\/\/studiolab.ide.tudelft.nl\/studiolab\/vermeeren\/wp-json\/wp\/v2\/comments?post=13"}],"version-history":[{"count":47,"href":"https:\/\/studiolab.ide.tudelft.nl\/studiolab\/vermeeren\/wp-json\/wp\/v2\/pages\/13\/revisions"}],"predecessor-version":[{"id":681,"href":"https:\/\/studiolab.ide.tudelft.nl\/studiolab\/vermeeren\/wp-json\/wp\/v2\/pages\/13\/revisions\/681"}],"wp:featuredmedia":[{"embeddable":true,"href":"https:\/\/studiolab.ide.tudelft.nl\/studiolab\/vermeeren\/wp-json\/wp\/v2\/media\/64"}],"wp:attachment":[{"href":"https:\/\/studiolab.ide.tudelft.nl\/studiolab\/vermeeren\/wp-json\/wp\/v2\/media?parent=13"}],"curies":[{"name":"wp","href":"https:\/\/api.w.org\/{rel}","templated":true}]}}