{"id":13,"date":"2011-05-21T19:49:26","date_gmt":"2011-05-21T18:49:26","guid":{"rendered":"http:\/\/studiolab.ide.tudelft.nl\/studiolab\/labmark-template-staff\/?page_id=13"},"modified":"2014-01-07T17:06:42","modified_gmt":"2014-01-07T16:06:42","slug":"publications","status":"publish","type":"page","link":"https:\/\/studiolab.ide.tudelft.nl\/studiolab\/pohlmeyer\/publications\/","title":{"rendered":"Publications"},"content":{"rendered":"<h2>Selection of Publications<\/h2>\n<p>Desmet, P.M.A., &amp; Pohlmeyer, A.E. (2013). Positive design: An introduction to design for subjective well-being. <em>International Journal of Design<\/em>, 7(3), 5-19.<\/p>\n<p>Desmet, P.M.A., Pohlmeyer, A.E., &amp; Forlizzi, J. (2013). Special issue editorial: Design for subjective well-being. <em>International Journal of Design<\/em>, 7(3), 1-3.<\/p>\n<p>Pohlmeyer, A.E. (2013). Positive Design: New Challenges, Opportunities, and\u00a0Responsibilities for Design. In: A. Marcus (Ed.): <em>Design, User Experience, and Usability<\/em>, Part III, HCII 2013, LNCS 8014 (pp. 540\u2013547). Berlin, Germany: Springer-Verlag<\/p>\n<p>Kujala, S., Vogel, M., Pohlmeyer, A.E., &amp; Obrist, M. (2013). Lost in time: the meaning of temporal aspects in user experience. <em>CHI&#8217;13 Extended Abstracts on Human Factors in Computing Systems<\/em> (pp. 559-564). New York, NY: ACM Press.<\/p>\n<p>Pohlmeyer, A.E., Desmet, P., &amp; Forlizzi, J. (2013). Design for Subjective Well-Being. Invited Session held at the <em>5th International Congress of International Association of Societies of Design Research<\/em>, Tokyo, Japan. [invited session]<\/p>\n<p>Yoon, J., Desmet, P. M. A., &amp; Pohlmeyer, A.E. (2013). Embodied Typology of Positive Emotions: The Development of a Tool to Facilitate Emotional Granularity in Design. <em>5th International Congress of International Association of Societies of Design Research<\/em> (pp. 1195\u20131206). Tokyo, Japan.<\/p>\n<p>Pohlmeyer, A.E. (2012). Design for Happiness. <em>Interfaces<\/em>, 92, 8-11.<\/p>\n<p>Kujala, S., Minge, M., Pohlmeyer, A.E., &amp; Vogel, M. (2012). Temporal Aspects of User Experience: Models and Methods Beyond a Single Use Situation. Workshop held at NordiCHI 2012, <em>7th Nordic Conference on Human-Computer Interaction<\/em>, Copenhagen, Denmark. [workshop].<\/p>\n<p>Pohlmeyer, A.E., &amp; Blessing, L. (2011). A Conjoint Analysis of Attributes Affecting the Likelihood of Technology Use. In A. Marcus (Ed.), <em>Design, User Experience, and Usability,Pt II, HCII 2011, LNCS 6770 <\/em>(pp. 303\u2013312). Berlin, Germany: Springer-Verlag.<\/p>\n<p>Pohlmeyer, A.E., &amp; Blessing, L. (2010). Technology Adoption By Older Adults: Usability Plus X. In G.\u00a0Geyer, R. Goebl &amp; K. Zimmermann (Eds.), <em>Innovative ICT Solutions for Older Persons \u2013 A\u00a0New Understanding <\/em>(pp.132-137). Wien, Austria: \u00d6sterreichische Computer Gesellschaft.<\/p>\n<p>Pohlmeyer, A.E., &amp; Minge, M. (2010). The Unknown Variable X. Evaluating Experiences. <em>7th International Design and Emotion Conference<\/em>, Chicago, IL. [workshop]<\/p>\n<p>Pohlmeyer, A.E., Machens, F., &amp; Blessing, L. (2010). Attractive or Not &#8211; What&#8217;s the Difference? Inter- and Intra-Group Comparisons in the Kano Model. In D. Marjanovic, M. Storga, N. Pavkovic &amp; N.\u00a0Bojcetic (Eds.), <em>11th International Design Conference &#8211; DESIGN 2010 <\/em>(pp. 413-422). Dubrovnik, Croatia.<\/p>\n<p>Son, J., Reimer, B., Mehler, B., Pohlmeyer, A.E., Godfrey, K.M., Orszulak, J., Long, J., Kim, M.H., Lee, Y.T., &amp; Coughlin, J.F. (2010). Age and Cross-Cultural Comparison of Drivers\u2019 Cognitive Workload and Performance in Simulated Urban Driving. <em>International Journal of Automotive Technology<\/em>, 11 (4), 533-539.<\/p>\n<p>Israel, J.H., Hurtienne, J., Pohlmeyer, A.E., Mohs, C., Kindsm\u00fcller, M.C., &amp; Naumann, A. (2009). On Tangible User Interfaces, Physicality and Intuitive Use. <em>International Journal of Arts and Technology<\/em>, 2 (4), 348-366.<\/p>\n<p>Pohlmeyer, A.E., &amp; Blessing, L. (2009). To Use Or Not To Use. Good Is Not Always the Opposite of Bad.\u00a0<em>4<sup>th<\/sup> International Conference on Designing Pleasurable Products and Interfaces DPPI09<\/em>\u00a0 (pp. 99-103). Compi\u00e8gne, France.<\/p>\n<p>Pohlmeyer, A.E., Hecht, M., &amp; Blessing, L. (2009). User Experience Lifecycle Model ContinUE [Continuous User Experience]. In A. Lichtenstein, C. St\u00f6\u00dfel &amp; C. Clemens (Eds.), <em>Der Mensch im Mittepunkt technischer Systeme. Fortschritt-Berichte VDI Reihe 22 Nr. 29 <\/em>(pp. 314-317). D\u00fcsseldorf, Germany: VDI-Verlag.<\/p>\n<p>Pohlmeyer, A.E. (2009). User Experience \u00e4lterer Nutzer (Abstract). In A. Lichtenstein, C. St\u00f6\u00dfel &amp; C. Clemens (Eds.), <em>Der Mensch im Mittepunkt technischer Systeme. Fortschritt-Berichte VDI Reihe 22 Nr. 29<\/em> (pp. 57-58). D\u00fcsseldorf, Germany: VDI-Verlag.<\/p>\n<p>Mahlke, S., Weber, K., Pohlmeyer, A.E., &amp; Minge, M. (2009). Wie wird User Experience in der Praxis gemessen und gestaltet? In H. Brau, S. Diefenbach, M. Hassenzahl, K. Kohler, F. Koller, M. Peissner, K. Petrovic, M. Thielsch, \u00a0 D. Ullrich &amp; D. Zimmermann (Eds.), <em>Usability Professionals 2009 <\/em>(pp. 138-140). Stuttgart, Germany: Fraunhofer Verlag.<\/p>\n<p>Naumann, A.B., Hurtienne, J., Kindsm\u00fcller, M.C., Pohlmeyer, A.E., Clemens, C., Knapheide, C., Mohs,\u00a0C., and Israel, J.H. (2009). Exploring Design Criteria for Intuitive Use. In S. Kain, D.\u00a0Struve, &amp; H. Wandke (eds.). Workshop<em>&#8211; Proceedings der Tagung Mensch &amp; Computer 2009: Grenzenlos frei!?<\/em> (73-75). Berlin, Germany: Logos.<\/p>\n<p>Pohlmeyer, A.E., Blessing, L., Wandke, H., &amp; Maue, J. (2009). The Value of Answers Without Question[s]. A Qualitative Approach to User Experience and Aging. In M. Kurosu (Ed.), <em>Human Centered Design, HCII 2009, LNCS 5619 <\/em>(pp. 894\u2013903). Berlin, Germany: Springer-Verlag.<\/p>\n<p>Reimer, B., Mehler, B., Son, J., Pohlmeyer, A., Orszulak, J., Long, J., &amp; Coughlin, J. (2009). A Cross Cultural Comparison of Young And Older Adults&#8217; Simulated Highway Driving Performance Under Single and Dual Task Conditions. <em>5th International Driving Symposium on Human Factors in Driver Assessment, Training, and Vehicle Design<\/em> (pp. 206-213). Big Sky, MT.<\/p>\n<p>Pohlmeyer, A.E., &amp; Moosmeier, R. (2008). The Quest for Chinese Design by Foreigners. A Case Study. <em>6th International Design and Emotion Conference<\/em>, Hong Kong. [design case]<\/p>\n<p>Pohlmeyer, A.E. (2008). Benutzerfreundlichkeit im Kontext altersgerechter Technikgestaltung: ein Schritt voraus (Abstract). <em>54. Fr\u00fchjahrskongress der Gesellschaft f\u00fcr Arbeitswissenschaft e.V., Doktoranden-Werkstatt<\/em> (p. 19), M\u00fcnchen, Germany.<\/p>\n<p>L\u00f6vd\u00e9n, M., Sch\u00e4fer, S., Pohlmeyer, A.E., &amp; Lindenberger, U. (2008). Walking Variability and Working-Memory Load in Aging: A Dual-Process Account Relating Cognitive Control to Motor Control Performance. <em>Journal of\u00a0 Gerontology: Psychological Sciences<\/em>, 63B, P121-P128.<\/p>\n<p>Naumann, A.B., Pohlmeyer, A.E., Hu\u00dflein, S., Kindsm\u00fcller, M.C., Mohs, C., &amp; Israel, J.H. (2008). Design for Intuitive Use: Beyond Usability <em>CHI\u201908 Extended Abstracts <\/em>(pp. 2375-2378). New York, NY: ACM Press.<\/p>\n<p>Anttonen, J., Jumisko-Pyyk\u00f6, S., Minge, M., Pohlmeyer, A., &amp; Vanhala, T. (2008). Research Goals and Strategies for Studying User Experience and Emotion. <em>NordiCHI 2008<\/em>. Lund, Sweden. [workshop]<\/p>\n<p>Mehler, B., Reimer, B., Pohlmeyer, A.E., and Coughlin, J.F. (2008). The association between heart rate reactivity and driving performance under dual task demands in late middle age drivers. <em>Advances in Transportation Studies, An\u00a0International Journal<\/em>, Special Issue, 53-70.<\/p>\n<p>Hu\u00dflein, S., Hurtienne, J., Israel, J.H., Mohs, C., Kindsm\u00fcller, M.C., Meyer, H.A., Naumann, A., &amp; Pohlmeyer, A.E.\u00a0 (2007). Intuitive Nutzung &#8211; nur ein Schlagwort? <em>design report, 07<\/em> (11), 26-27.<\/p>\n<p>Pohlmeyer, A.E. &amp; Botha, M. (2007). A Dynamic Content Visualization Framework to Optimize Driver Information Processing. <em>CREATE 2007: Creative Inventions, Innovations and Everyday Designs in HCI<\/em>, London, UK, 49-54.<\/p>\n<p>Reimer, B., Mehler, B., Pohlmeyer, A.E., Coughlin, J.F., &amp; Dusek, J.A. (2006). The Use of Heart Rate in a Driving Simulator as an Indicator of Age-Related Differences in Driver Workload. <em>Advances in Transportation Studies An International Journal<\/em>, Special Issue, 9-20.<\/p>\n<p>Mohs, C., Hurtienne, J., Israel, J.H., Naumann, A., Kindsmueller, M.C., Meyer, H.A., &amp; Pohlmeyer, A. \u00a0 (2006). IUUI \u2013 Intuitive Use of User Interfaces. In: T. Bosenick, M. Hassenzahl, M. Mueller-Prove, M. Peissner (Eds.) <em>Usability Professionals 06<\/em> (pp. 130-133). Stuttgart, Germany.<\/p>\n<p>Pohlmeyer, A., L\u00f6vd\u00e9n, M., Schaefer, S., &amp; Lindenberger, U. (2006). Adult Age Differences in Spatio-Temporal Gait Parameters Are Shaped by Working-Memory Load. <em>International Congress on Gait and Mental Function<\/em>, Madrid, Spain. [poster]<\/p>\n<p>&nbsp;<\/p>\n","protected":false},"excerpt":{"rendered":"<p>Selection of Publications Desmet, P.M.A., &amp; Pohlmeyer, A.E. (2013). Positive design: An introduction to design for subjective well-being. International Journal &hellip; <a href=\"https:\/\/studiolab.ide.tudelft.nl\/studiolab\/pohlmeyer\/publications\/\" \" class=\"more\">Read more<\/a><\/p>\n","protected":false},"author":59,"featured_media":64,"parent":0,"menu_order":3,"comment_status":"open","ping_status":"closed","template":"","meta":{"footnotes":""},"class_list":["post-13","page","type-page","status-publish","has-post-thumbnail","hentry"],"_links":{"self":[{"href":"https:\/\/studiolab.ide.tudelft.nl\/studiolab\/pohlmeyer\/wp-json\/wp\/v2\/pages\/13","targetHints":{"allow":["GET"]}}],"collection":[{"href":"https:\/\/studiolab.ide.tudelft.nl\/studiolab\/pohlmeyer\/wp-json\/wp\/v2\/pages"}],"about":[{"href":"https:\/\/studiolab.ide.tudelft.nl\/studiolab\/pohlmeyer\/wp-json\/wp\/v2\/types\/page"}],"author":[{"embeddable":true,"href":"https:\/\/studiolab.ide.tudelft.nl\/studiolab\/pohlmeyer\/wp-json\/wp\/v2\/users\/59"}],"replies":[{"embeddable":true,"href":"https:\/\/studiolab.ide.tudelft.nl\/studiolab\/pohlmeyer\/wp-json\/wp\/v2\/comments?post=13"}],"version-history":[{"count":13,"href":"https:\/\/studiolab.ide.tudelft.nl\/studiolab\/pohlmeyer\/wp-json\/wp\/v2\/pages\/13\/revisions"}],"predecessor-version":[{"id":96,"href":"https:\/\/studiolab.ide.tudelft.nl\/studiolab\/pohlmeyer\/wp-json\/wp\/v2\/pages\/13\/revisions\/96"}],"wp:featuredmedia":[{"embeddable":true,"href":"https:\/\/studiolab.ide.tudelft.nl\/studiolab\/pohlmeyer\/wp-json\/wp\/v2\/media\/64"}],"wp:attachment":[{"href":"https:\/\/studiolab.ide.tudelft.nl\/studiolab\/pohlmeyer\/wp-json\/wp\/v2\/media?parent=13"}],"curies":[{"name":"wp","href":"https:\/\/api.w.org\/{rel}","templated":true}]}}