{"id":3541,"date":"2016-05-28T16:12:25","date_gmt":"2016-05-28T15:12:25","guid":{"rendered":"http:\/\/studiolab.ide.tudelft.nl\/studiolab\/exploringinteractions\/?page_id=3541"},"modified":"2016-05-28T16:12:25","modified_gmt":"2016-05-28T15:12:25","slug":"spitscoupe","status":"publish","type":"page","link":"https:\/\/studiolab.ide.tudelft.nl\/studiolab\/exploringinteractions\/spitscoupe\/","title":{"rendered":"SpitsCoup\u00e9"},"content":{"rendered":"<p style=\"font-size: 80%; font-family: verdana; line-height: 1.4em;\"><strong>By: <\/strong>Bo Wong<br \/>\n<strong>Keywords:\u00a0<\/strong> Standing commuter, rush hour train, sense of belonging, collaborative<br \/>\n<strong>Tutors:<\/strong> Nathalia Romero Herrera &amp; Evelien Fleskens<\/p>\n<hr \/>\n<p style=\"font-size: 80%; font-family: verdana; line-height: 1.4em;\"><strong>Design Goal and Interaction vision<br \/>\n<\/strong>The design goal; I want to create a commute experience where the standing commuter feels a sense of belonging during rush hour.<br \/>\nThe interaction vision;Crowd (commuters in the train) facilitates a crowd surfer (standing commuter entering the train coupe) in a collaborative and persuasive way. Crowd surfer (standing commuter) experiences sense of belonging.<\/p>\n<p style=\"font-size: 80%; font-family: verdana; line-height: 1.4em;\"><strong>SpitsCoup\u00e9<br \/>\n<\/strong>My final design is the SpitsCoup\u00e9 (Rush Hour coup\u00e9) which has SpitsStoelen (Rush Hour chairs). Commuters can choose to be in this coup\u00e9 where they can stand comfortably or get stuck on the balconies when it suddenly becomes crowded. Commuters need to work together (all stand up) to let the handle come down so everyone has support and the standing commuter feels a sense of belonging during rush hour.<\/p>\n<div id='gallery-1' class='gallery galleryid-3541 gallery-columns-3 gallery-size-thumbnail'><figure class='gallery-item'>\n\t\t\t<div class='gallery-icon landscape'>\n\t\t\t\t<a href='https:\/\/studiolab.ide.tudelft.nl\/studiolab\/exploringinteractions\/files\/2016\/04\/Wong_IV.jpg'><img loading=\"lazy\" decoding=\"async\" width=\"200\" height=\"150\" src=\"https:\/\/studiolab.ide.tudelft.nl\/studiolab\/exploringinteractions\/files\/2016\/04\/Wong_IV-200x150.jpg\" class=\"attachment-thumbnail size-thumbnail\" alt=\"\" srcset=\"https:\/\/studiolab.ide.tudelft.nl\/studiolab\/exploringinteractions\/files\/2016\/04\/Wong_IV-200x150.jpg 200w, https:\/\/studiolab.ide.tudelft.nl\/studiolab\/exploringinteractions\/files\/2016\/04\/Wong_IV.jpg 600w\" sizes=\"auto, (max-width: 200px) 85vw, 200px\" \/><\/a>\n\t\t\t<\/div><\/figure><figure class='gallery-item'>\n\t\t\t<div class='gallery-icon landscape'>\n\t\t\t\t<a href='https:\/\/studiolab.ide.tudelft.nl\/studiolab\/exploringinteractions\/files\/2016\/04\/Wong_4.jpg'><img loading=\"lazy\" decoding=\"async\" width=\"200\" height=\"150\" src=\"https:\/\/studiolab.ide.tudelft.nl\/studiolab\/exploringinteractions\/files\/2016\/04\/Wong_4-200x150.jpg\" class=\"attachment-thumbnail size-thumbnail\" alt=\"\" srcset=\"https:\/\/studiolab.ide.tudelft.nl\/studiolab\/exploringinteractions\/files\/2016\/04\/Wong_4-200x150.jpg 200w, https:\/\/studiolab.ide.tudelft.nl\/studiolab\/exploringinteractions\/files\/2016\/04\/Wong_4.jpg 600w\" sizes=\"auto, (max-width: 200px) 85vw, 200px\" \/><\/a>\n\t\t\t<\/div><\/figure><figure class='gallery-item'>\n\t\t\t<div class='gallery-icon portrait'>\n\t\t\t\t<a href='https:\/\/studiolab.ide.tudelft.nl\/studiolab\/exploringinteractions\/files\/2016\/04\/Wong_3.jpg'><img loading=\"lazy\" decoding=\"async\" width=\"200\" height=\"150\" src=\"https:\/\/studiolab.ide.tudelft.nl\/studiolab\/exploringinteractions\/files\/2016\/04\/Wong_3-e1460487570626-200x150.jpg\" class=\"attachment-thumbnail size-thumbnail\" alt=\"\" \/><\/a>\n\t\t\t<\/div><\/figure><figure class='gallery-item'>\n\t\t\t<div class='gallery-icon portrait'>\n\t\t\t\t<a href='https:\/\/studiolab.ide.tudelft.nl\/studiolab\/exploringinteractions\/files\/2016\/04\/Wong1.jpg'><img loading=\"lazy\" decoding=\"async\" width=\"210\" height=\"147\" src=\"https:\/\/studiolab.ide.tudelft.nl\/studiolab\/exploringinteractions\/files\/2016\/04\/Wong1-e1460487526982-210x147.jpg\" class=\"attachment-thumbnail size-thumbnail\" alt=\"\" \/><\/a>\n\t\t\t<\/div><\/figure><figure class='gallery-item'>\n\t\t\t<div class='gallery-icon landscape'>\n\t\t\t\t<a href='https:\/\/studiolab.ide.tudelft.nl\/studiolab\/exploringinteractions\/files\/2016\/04\/Wong.jpg'><img loading=\"lazy\" decoding=\"async\" width=\"200\" height=\"150\" src=\"https:\/\/studiolab.ide.tudelft.nl\/studiolab\/exploringinteractions\/files\/2016\/04\/Wong-200x150.jpg\" class=\"attachment-thumbnail size-thumbnail\" alt=\"\" srcset=\"https:\/\/studiolab.ide.tudelft.nl\/studiolab\/exploringinteractions\/files\/2016\/04\/Wong-200x150.jpg 200w, https:\/\/studiolab.ide.tudelft.nl\/studiolab\/exploringinteractions\/files\/2016\/04\/Wong.jpg 600w\" sizes=\"auto, (max-width: 200px) 85vw, 200px\" \/><\/a>\n\t\t\t<\/div><\/figure><figure class='gallery-item'>\n\t\t\t<div class='gallery-icon landscape'>\n\t\t\t\t<a href='https:\/\/studiolab.ide.tudelft.nl\/studiolab\/exploringinteractions\/files\/2016\/04\/Wong_poster.jpg'><img loading=\"lazy\" decoding=\"async\" width=\"200\" height=\"150\" src=\"https:\/\/studiolab.ide.tudelft.nl\/studiolab\/exploringinteractions\/files\/2016\/04\/Wong_poster-200x150.jpg\" class=\"attachment-thumbnail size-thumbnail\" alt=\"\" srcset=\"https:\/\/studiolab.ide.tudelft.nl\/studiolab\/exploringinteractions\/files\/2016\/04\/Wong_poster-200x150.jpg 200w, https:\/\/studiolab.ide.tudelft.nl\/studiolab\/exploringinteractions\/files\/2016\/04\/Wong_poster.jpg 400w\" sizes=\"auto, (max-width: 200px) 85vw, 200px\" \/><\/a>\n\t\t\t<\/div><\/figure>\n\t\t<\/div>\n\n<p style=\"font-size: 80%; font-family: verdana; line-height: 1.4em;\"><strong>Presentation<\/strong><\/p>\n<figure id=\"attachment_1890\" aria-describedby=\"caption-attachment-1890\" style=\"width: 310px\" class=\"wp-caption alignnone\"><a href=\"http:\/\/studiolab.ide.tudelft.nl\/studiolab\/exploringinteractions\/files\/2016\/04\/C3_Intransit_Wong_PresentationCycle3.pdf\"><img loading=\"lazy\" decoding=\"async\" class=\"size-full wp-image-1890 \" src=\"http:\/\/studiolab.ide.tudelft.nl\/studiolab\/exploringinteractions\/files\/2016\/04\/C3_Intransit_Wong_PresentationCycle3.jpg\" alt=\"Presentation\" width=\"310\" height=\"219\" \/><\/a><figcaption id=\"caption-attachment-1890\" class=\"wp-caption-text\">Presentation<\/figcaption><\/figure>\n<p style=\"font-size: 80%; font-family: verdana; line-height: 1.4em;\"><strong>Poster<\/strong><\/p>\n<figure id=\"attachment_1890\" aria-describedby=\"caption-attachment-1890\" style=\"width: 310px\" class=\"wp-caption alignnone\"><a href=\"http:\/\/studiolab.ide.tudelft.nl\/studiolab\/exploringinteractions\/files\/2016\/04\/Wong_poster.pdf\"><img loading=\"lazy\" decoding=\"async\" class=\"size-full wp-image-1890 \" src=\"http:\/\/studiolab.ide.tudelft.nl\/studiolab\/exploringinteractions\/files\/2016\/04\/Wong_poster.jpg\" alt=\"Presentation\" width=\"310\" height=\"219\" \/><\/a><figcaption id=\"caption-attachment-1890\" class=\"wp-caption-text\">Final Poster<\/figcaption><\/figure>\n","protected":false},"excerpt":{"rendered":"<p>By: Bo Wong Keywords:\u00a0 Standing commuter, rush hour train, sense of belonging, collaborative Tutors: Nathalia Romero Herrera &amp; Evelien Fleskens Design Goal and Interaction vision The design goal; I want to create a commute experience where the standing commuter feels a sense of belonging during rush hour. The interaction vision;Crowd (commuters in the train) facilitates &hellip; <a href=\"https:\/\/studiolab.ide.tudelft.nl\/studiolab\/exploringinteractions\/spitscoupe\/\" class=\"more-link\">Continue reading<span class=\"screen-reader-text\"> &#8220;SpitsCoup\u00e9&#8221;<\/span><\/a><\/p>\n","protected":false},"author":84,"featured_media":0,"parent":0,"menu_order":0,"comment_status":"closed","ping_status":"closed","template":"","meta":{"footnotes":""},"class_list":["post-3541","page","type-page","status-publish","hentry"],"_links":{"self":[{"href":"https:\/\/studiolab.ide.tudelft.nl\/studiolab\/exploringinteractions\/wp-json\/wp\/v2\/pages\/3541","targetHints":{"allow":["GET"]}}],"collection":[{"href":"https:\/\/studiolab.ide.tudelft.nl\/studiolab\/exploringinteractions\/wp-json\/wp\/v2\/pages"}],"about":[{"href":"https:\/\/studiolab.ide.tudelft.nl\/studiolab\/exploringinteractions\/wp-json\/wp\/v2\/types\/page"}],"author":[{"embeddable":true,"href":"https:\/\/studiolab.ide.tudelft.nl\/studiolab\/exploringinteractions\/wp-json\/wp\/v2\/users\/84"}],"replies":[{"embeddable":true,"href":"https:\/\/studiolab.ide.tudelft.nl\/studiolab\/exploringinteractions\/wp-json\/wp\/v2\/comments?post=3541"}],"version-history":[{"count":3,"href":"https:\/\/studiolab.ide.tudelft.nl\/studiolab\/exploringinteractions\/wp-json\/wp\/v2\/pages\/3541\/revisions"}],"predecessor-version":[{"id":3748,"href":"https:\/\/studiolab.ide.tudelft.nl\/studiolab\/exploringinteractions\/wp-json\/wp\/v2\/pages\/3541\/revisions\/3748"}],"wp:attachment":[{"href":"https:\/\/studiolab.ide.tudelft.nl\/studiolab\/exploringinteractions\/wp-json\/wp\/v2\/media?parent=3541"}],"curies":[{"name":"wp","href":"https:\/\/api.w.org\/{rel}","templated":true}]}}